{"id":30,"date":"2019-11-16T02:15:12","date_gmt":"2019-11-16T01:15:12","guid":{"rendered":"https:\/\/themify.me\/demo\/themes\/ultra-construction\/?page_id=404"},"modified":"2025-03-14T22:53:21","modified_gmt":"2025-03-14T21:53:21","slug":"lokalizacje-wisla-bug-narew-puszcza-kampinoska","status":"publish","type":"page","link":"https:\/\/wildriver.pl\/index.php\/home\/lokalizacje-wisla-bug-narew-puszcza-kampinoska\/","title":{"rendered":"Lokalizacje &#8211; Wis\u0142a, Narew, Bug, Puszcza Kampinoska"},"content":{"rendered":"<!--themify_builder_content-->\n<div id=\"themify_builder_content-30\" data-postid=\"30\" class=\"themify_builder_content themify_builder_content-30 themify_builder tf_clear\">\n                    <div  data-lazy=\"1\" class=\"module_row themify_builder_row tb_37x879 tb_first tf_w\">\n            <span  class=\"builder_row_cover tf_abs\" data-lazy=\"1\"><\/span>            <div class=\"row_inner col_align_top tb_col_count_2 tf_box tf_rel\">\n                        <div  data-lazy=\"1\" class=\"module_column tb-column col3-2 tb_isg080 first\">\n                    <!-- module text -->\n<div  class=\"module module-text tb_bkr181  repeat \" data-lazy=\"1\">\n        <div  class=\"tb_text_wrap\">\n        <h1>Lokalizacje wypraw przyrodniczych i w\u0119dkarskich<\/h1>    <\/div>\n<\/div>\n<!-- \/module text -->        <\/div>\n                    <div  data-lazy=\"1\" class=\"module_column tb-column col3-1 tb_pear81 last\">\n                            <\/div>\n                        <\/div>\n        <\/div>\n                        <div  data-lazy=\"1\" class=\"module_row themify_builder_row tb_dshh474 tf_w\">\n                        <div class=\"row_inner col_align_top tb_col_count_1 tf_box tf_rel\">\n                        <div  data-lazy=\"1\" class=\"module_column tb-column col-full tb_9ie7474 first\">\n                            <\/div>\n                        <\/div>\n        <\/div>\n                        <div  data-css_id=\"4s0y961\" data-lazy=\"1\" class=\"module_row themify_builder_row fullwidth tb_4s0y961 tf_w\">\n                        <div class=\"row_inner col_align_top tb_col_count_1 tf_box tf_rel\">\n                        <div  data-lazy=\"1\" class=\"module_column tb-column col-full tb_27ua961 first\">\n                            <div  data-lazy=\"1\" class=\"module_subrow themify_builder_sub_row tf_w gutter-none col_align_middle tb_col_count_4 tb_d1h4961\">\n                <div  data-lazy=\"1\" class=\"module_column sub_column col4-1 tb_hs2d961 first\">\n                    <!-- module image -->\n<div  class=\"module module-image tb_xm1k962 image-top   auto_fullwidth tf_mw\" data-lazy=\"1\">\n        <div class=\"image-wrap tf_rel tf_mw\">\n            <a href=\"https:\/\/wildriver.pl\/index.php\/home\/lokalizacje-wisla-bug-narew-puszcza-kampinoska\/wisla-krolowa-polskich-rzek\/\">\n                   <img decoding=\"async\" src=\"http:\/\/wildriver.pl\/wp-content\/uploads\/2022\/06\/Wisla_vertical.jpg\" title=\"Lokalizacje &#8211; Wis\u0142a, Narew, Bug, Puszcza Kampinoska\" alt=\"Lokalizacje &#8211; Wis\u0142a, Narew, Bug, Puszcza Kampinoska\">        <\/a>\n    \n        <\/div>\n    <!-- \/image-wrap -->\n    \n        <\/div>\n<!-- \/module image -->        <\/div>\n                    <div  data-lazy=\"1\" class=\"module_column sub_column col4-1 tb_tk47962\">\n                    <!-- module text -->\n<div  class=\"module module-text tb_ngh6962   \" data-lazy=\"1\">\n        <div  class=\"tb_text_wrap\">\n        <h2><a href=\"https:\/\/wildriver.pl\/index.php\/home\/lokalizacje-wisla-bug-narew-puszcza-kampinoska\/wisla-krolowa-polskich-rzek\/\">Wis\u0142a<\/a><\/h2>\n<h3><a href=\"https:\/\/wildriver.pl\/index.php\/home\/lokalizacje-wisla-bug-narew-puszcza-kampinoska\/wisla-krolowa-polskich-rzek\/\">Kr\u00f3lowa polskich rzek<\/a><\/h3>\n<p>Ostatnia du\u017ca, nieuregulowana europejska rzeka p\u0142yn\u0105ca na d\u0142ugich odcinkach w zupe\u0142nie naturalnym krajobrazie.<\/p>\n<p>Wci\u0105\u017c jeszcze bardzo rybna, zamieszkiwana przez niezliczone ilo\u015bci dzikich ptak\u00f3w i zwierz\u0105t.<\/p>    <\/div>\n<\/div>\n<!-- \/module text -->        <\/div>\n                    <div  data-lazy=\"1\" class=\"module_column sub_column col4-1 tb_8d2s962\">\n                    <!-- module image -->\n<div  class=\"module module-image tb_opmm962 image-top   auto_fullwidth tf_mw\" data-lazy=\"1\">\n        <div class=\"image-wrap tf_rel tf_mw\">\n            <img loading=\"lazy\" decoding=\"async\" src=\"http:\/\/wildriver.pl\/wp-content\/uploads\/2022\/06\/Bug_czapla.jpg\" width=\"375\" height=\"450\" title=\"Lokalizacje &#8211; Wis\u0142a, Narew, Bug, Puszcza Kampinoska\" alt=\"Lokalizacje &#8211; Wis\u0142a, Narew, Bug, Puszcza Kampinoska\">    \n        <\/div>\n    <!-- \/image-wrap -->\n    \n        <\/div>\n<!-- \/module image -->        <\/div>\n                    <div  data-lazy=\"1\" class=\"module_column sub_column col4-1 tb_wfa4962 last\">\n                    <!-- module text -->\n<div  class=\"module module-text tb_77hd962   \" data-lazy=\"1\">\n        <div  class=\"tb_text_wrap\">\n        <h2>&#8220;Ma\u0142e Mazury&#8221;<\/h2>\n<h3>Dzikie jeziora ukryte w\u015br\u00f3d p\u00f3l i las\u00f3w<\/h3>\n<p>W bezpo\u015bredniej blisko\u015bci Warszawy mamy kilka nieznanych nikomu pere\u0142ek &#8211; niewielkich\u00a0 eutroficznych jezior do z\u0142udzenia przypominaj\u0105cych mazurskich &#8220;starszych braci&#8221;.<\/p>\n<p>Pe\u0142ne okoni i szczupak\u00f3w i zamieszkiwane przez ogromne ilo\u015bci ptactwa.<\/p>    <\/div>\n<\/div>\n<!-- \/module text -->        <\/div>\n                    <\/div>\n                <div  data-lazy=\"1\" class=\"module_subrow themify_builder_sub_row tf_w gutter-none col_align_middle tb_col_count_4 tb_x94y962\">\n                <div  data-lazy=\"1\" class=\"module_column sub_column col4-1 tb_oh88962 first\">\n                    <!-- module text -->\n<div  class=\"module module-text tb_k2az963   \" data-lazy=\"1\">\n        <div  class=\"tb_text_wrap\">\n        <h2>Puszcza Bia\u0142owieska<\/h2>\n<h3>Ostoja \u017cubr\u00f3w<\/h3>\n<p>Ogromny kompleks le\u015bny, jeden z ostatnich las pierwotny Europy.\u00a0<\/p>\n<p>Puszcza jest ostoj\u0105 \u017cubr\u00f3w, kt\u00f3re regularnie obserwujemy na naszych wyprawach. Licznie zamieszkiwana tak\u017ce przez wiele innych gatunk\u00f3w zwierz\u0105t i ptak\u00f3w. Maj\u0105c wi\u0119cej szcz\u0119\u015bcia mo\u017cemy zobaczy\u0107 wilka lub rysia.<\/p>    <\/div>\n<\/div>\n<!-- \/module text -->        <\/div>\n                    <div  data-lazy=\"1\" class=\"module_column sub_column col4-1 tb_l7ui963\">\n                    <!-- module image -->\n<div  class=\"module module-image tb_fn57963 image-top   auto_fullwidth tf_mw\" data-lazy=\"1\">\n        <div class=\"image-wrap tf_rel tf_mw\">\n            <img decoding=\"async\" src=\"http:\/\/wildriver.pl\/wp-content\/uploads\/2022\/06\/kampinos.jpg\" title=\"Lokalizacje &#8211; Wis\u0142a, Narew, Bug, Puszcza Kampinoska\" alt=\"Lokalizacje &#8211; Wis\u0142a, Narew, Bug, Puszcza Kampinoska\">    \n        <\/div>\n    <!-- \/image-wrap -->\n    \n        <\/div>\n<!-- \/module image -->        <\/div>\n                    <div  data-lazy=\"1\" class=\"module_column sub_column col4-1 tb_7540963\">\n                    <!-- module text -->\n<div  class=\"module module-text tb_ct9j963   \" data-lazy=\"1\">\n        <div  class=\"tb_text_wrap\">\n        <h2>Inne rzeki<\/h2>\n<h3>Bug, Narew, Wkra, Bzura<\/h3>\n<p>Meandruj\u0105cy Bug wartko p\u0142yn\u0105cy przez piaszczysto-gliniaste tereny, Narew tocz\u0105ca swoje czarne wody przez bagienno-torfowe tereny czy p\u0142ytkie i kamieniste Wkra i Bzura&#8230;<\/p>\n<p>Ka\u017cda z nich daje doskona\u0142e mo\u017cliwo\u015bci do obserwacji ptak\u00f3w i zwierz\u0105t lub w\u0119dkowania.<\/p>    <\/div>\n<\/div>\n<!-- \/module text -->        <\/div>\n                    <div  data-lazy=\"1\" class=\"module_column sub_column col4-1 tb_w883963 last\">\n                    <!-- module image -->\n<div  class=\"module module-image tb_y3a8963 image-top   auto_fullwidth tf_mw\" data-lazy=\"1\">\n        <div class=\"image-wrap tf_rel tf_mw\">\n            <img loading=\"lazy\" decoding=\"async\" src=\"http:\/\/wildriver.pl\/wp-content\/uploads\/2022\/06\/mazury.jpg\" width=\"375\" height=\"450\" title=\"Lokalizacje &#8211; Wis\u0142a, Narew, Bug, Puszcza Kampinoska\" alt=\"Lokalizacje &#8211; Wis\u0142a, Narew, Bug, Puszcza Kampinoska\">    \n        <\/div>\n    <!-- \/image-wrap -->\n    \n        <\/div>\n<!-- \/module image -->        <\/div>\n                    <\/div>\n                <\/div>\n                        <\/div>\n        <\/div>\n        <\/div>\n<!--\/themify_builder_content-->","protected":false},"excerpt":{"rendered":"<p>Lokalizacje wypraw przyrodniczych i w\u0119dkarskich Wis\u0142a Kr\u00f3lowa polskich rzek Ostatnia du\u017ca, nieuregulowana europejska rzeka p\u0142yn\u0105ca na d\u0142ugich odcinkach w zupe\u0142nie naturalnym krajobrazie. Wci\u0105\u017c jeszcze bardzo rybna, zamieszkiwana przez niezliczone ilo\u015bci dzikich ptak\u00f3w i zwierz\u0105t. &#8220;Ma\u0142e Mazury&#8221; Dzikie jeziora ukryte w\u015br\u00f3d p\u00f3l i las\u00f3w W bezpo\u015bredniej blisko\u015bci Warszawy mamy kilka nieznanych nikomu pere\u0142ek &#8211; niewielkich\u00a0 eutroficznych [&hellip;]<\/p>\n","protected":false},"author":1,"featured_media":0,"parent":29,"menu_order":0,"comment_status":"closed","ping_status":"closed","template":"","meta":{"footnotes":""},"class_list":["post-30","page","type-page","status-publish","hentry","has-post-title","has-post-date","has-post-category","has-post-tag","has-post-comment","has-post-author",""],"builder_content":"<h1>Lokalizacje wypraw przyrodniczych i w\u0119dkarskich<\/h1>\n<a href=\"https:\/\/wildriver.pl\/index.php\/home\/lokalizacje-wisla-bug-narew-puszcza-kampinoska\/wisla-krolowa-polskich-rzek\/\"> <img src=\"http:\/\/wildriver.pl\/wp-content\/uploads\/2022\/06\/Wisla_vertical.jpg\" title=\"Lokalizacje &#8211; Wis\u0142a, Narew, Bug, Puszcza Kampinoska\" alt=\"Lokalizacje &#8211; Wis\u0142a, Narew, Bug, Puszcza Kampinoska\"> <\/a>\n<h2><a href=\"https:\/\/wildriver.pl\/index.php\/home\/lokalizacje-wisla-bug-narew-puszcza-kampinoska\/wisla-krolowa-polskich-rzek\/\">Wis\u0142a<\/a><\/h2> <h3><a href=\"https:\/\/wildriver.pl\/index.php\/home\/lokalizacje-wisla-bug-narew-puszcza-kampinoska\/wisla-krolowa-polskich-rzek\/\">Kr\u00f3lowa polskich rzek<\/a><\/h3> <p>Ostatnia du\u017ca, nieuregulowana europejska rzeka p\u0142yn\u0105ca na d\u0142ugich odcinkach w zupe\u0142nie naturalnym krajobrazie.<\/p> <p>Wci\u0105\u017c jeszcze bardzo rybna, zamieszkiwana przez niezliczone ilo\u015bci dzikich ptak\u00f3w i zwierz\u0105t.<\/p>\n<img src=\"http:\/\/wildriver.pl\/wp-content\/uploads\/2022\/06\/Bug_czapla.jpg\" width=\"375\" height=\"450\" title=\"Lokalizacje &#8211; Wis\u0142a, Narew, Bug, Puszcza Kampinoska\" alt=\"Lokalizacje &#8211; Wis\u0142a, Narew, Bug, Puszcza Kampinoska\">\n<h2>\"Ma\u0142e Mazury\"<\/h2> <h3>Dzikie jeziora ukryte w\u015br\u00f3d p\u00f3l i las\u00f3w<\/h3> <p>W bezpo\u015bredniej blisko\u015bci Warszawy mamy kilka nieznanych nikomu pere\u0142ek - niewielkich\u00a0 eutroficznych jezior do z\u0142udzenia przypominaj\u0105cych mazurskich \"starszych braci\".<\/p> <p>Pe\u0142ne okoni i szczupak\u00f3w i zamieszkiwane przez ogromne ilo\u015bci ptactwa.<\/p>\n<h2>Puszcza Bia\u0142owieska<\/h2> <h3>Ostoja \u017cubr\u00f3w<\/h3> <p>Ogromny kompleks le\u015bny, jeden z ostatnich las pierwotny Europy.\u00a0<\/p> <p>Puszcza jest ostoj\u0105 \u017cubr\u00f3w, kt\u00f3re regularnie obserwujemy na naszych wyprawach. Licznie zamieszkiwana tak\u017ce przez wiele innych gatunk\u00f3w zwierz\u0105t i ptak\u00f3w. Maj\u0105c wi\u0119cej szcz\u0119\u015bcia mo\u017cemy zobaczy\u0107 wilka lub rysia.<\/p>\n<img src=\"http:\/\/wildriver.pl\/wp-content\/uploads\/2022\/06\/kampinos.jpg\" title=\"Lokalizacje &#8211; Wis\u0142a, Narew, Bug, Puszcza Kampinoska\" alt=\"Lokalizacje &#8211; Wis\u0142a, Narew, Bug, Puszcza Kampinoska\">\n<h2>Inne rzeki<\/h2> <h3>Bug, Narew, Wkra, Bzura<\/h3> <p>Meandruj\u0105cy Bug wartko p\u0142yn\u0105cy przez piaszczysto-gliniaste tereny, Narew tocz\u0105ca swoje czarne wody przez bagienno-torfowe tereny czy p\u0142ytkie i kamieniste Wkra i Bzura...<\/p> <p>Ka\u017cda z nich daje doskona\u0142e mo\u017cliwo\u015bci do obserwacji ptak\u00f3w i zwierz\u0105t lub w\u0119dkowania.<\/p>\n<img src=\"http:\/\/wildriver.pl\/wp-content\/uploads\/2022\/06\/mazury.jpg\" width=\"375\" height=\"450\" title=\"Lokalizacje &#8211; Wis\u0142a, Narew, Bug, Puszcza Kampinoska\" alt=\"Lokalizacje &#8211; Wis\u0142a, Narew, Bug, Puszcza Kampinoska\">","_links":{"self":[{"href":"https:\/\/wildriver.pl\/index.php\/wp-json\/wp\/v2\/pages\/30","targetHints":{"allow":["GET"]}}],"collection":[{"href":"https:\/\/wildriver.pl\/index.php\/wp-json\/wp\/v2\/pages"}],"about":[{"href":"https:\/\/wildriver.pl\/index.php\/wp-json\/wp\/v2\/types\/page"}],"author":[{"embeddable":true,"href":"https:\/\/wildriver.pl\/index.php\/wp-json\/wp\/v2\/users\/1"}],"replies":[{"embeddable":true,"href":"https:\/\/wildriver.pl\/index.php\/wp-json\/wp\/v2\/comments?post=30"}],"version-history":[{"count":27,"href":"https:\/\/wildriver.pl\/index.php\/wp-json\/wp\/v2\/pages\/30\/revisions"}],"predecessor-version":[{"id":1894,"href":"https:\/\/wildriver.pl\/index.php\/wp-json\/wp\/v2\/pages\/30\/revisions\/1894"}],"up":[{"embeddable":true,"href":"https:\/\/wildriver.pl\/index.php\/wp-json\/wp\/v2\/pages\/29"}],"wp:attachment":[{"href":"https:\/\/wildriver.pl\/index.php\/wp-json\/wp\/v2\/media?parent=30"}],"curies":[{"name":"wp","href":"https:\/\/api.w.org\/{rel}","templated":true}]}}