{"id":27,"date":"2019-11-12T13:53:25","date_gmt":"2019-11-12T12:53:25","guid":{"rendered":"https:\/\/themify.me\/demo\/themes\/ultra-construction\/?page_id=184"},"modified":"2022-11-23T17:58:29","modified_gmt":"2022-11-23T16:58:29","slug":"o-nas","status":"publish","type":"page","link":"https:\/\/wildriver.pl\/index.php\/home\/o-nas\/","title":{"rendered":"O nas"},"content":{"rendered":"<!--themify_builder_content-->\n<div id=\"themify_builder_content-27\" data-postid=\"27\" class=\"themify_builder_content themify_builder_content-27 themify_builder tf_clear\">\n                    <div  data-lazy=\"1\" class=\"module_row themify_builder_row tb_0are602 tb_first tf_w\">\n            <span  class=\"builder_row_cover tf_abs\" data-lazy=\"1\"><\/span>            <div class=\"row_inner col_align_top tb_col_count_2 tf_box tf_rel\">\n                        <div  data-lazy=\"1\" class=\"module_column tb-column col3-2 tb_g7y7603 first\">\n                    <!-- module text -->\n<div  class=\"module module-text tb_ka8q603   \" data-lazy=\"1\">\n        <div  class=\"tb_text_wrap\">\n        <h1>o nas<\/h1>    <\/div>\n<\/div>\n<!-- \/module text -->        <\/div>\n                    <div  data-lazy=\"1\" class=\"module_column tb-column col3-1 tb_lzlm604 last\">\n                            <\/div>\n                        <\/div>\n        <\/div>\n                        <div  data-lazy=\"1\" class=\"module_row themify_builder_row tb_8tv2756 tf_w\">\n                        <div class=\"row_inner col_align_top tb_col_count_1 tf_box tf_rel\">\n                        <div  data-lazy=\"1\" class=\"module_column tb-column col-full tb_6zb1758 first\">\n                    <!-- module image -->\n<div  class=\"module module-image tb_z94h409 image-center   tf_mw\" data-lazy=\"1\">\n        <div class=\"image-wrap tf_rel tf_mw\">\n            <img loading=\"lazy\" decoding=\"async\" src=\"http:\/\/wildriver.pl\/wp-content\/uploads\/2021\/09\/norka.jpg\" width=\"835\" height=\"460\" title=\"O nas\" alt=\"O nas\">    \n        <\/div>\n    <!-- \/image-wrap -->\n    \n        <\/div>\n<!-- \/module image --><!-- module text -->\n<div  class=\"module module-text tb_1cpn394   \" data-lazy=\"1\">\n        <div  class=\"tb_text_wrap\">\n        <h2>Jeste\u015bmy jedyn\u0105 firm\u0105 w centralnej polsce specjalizuj\u0105c\u0105 si\u0119 w W\u0119dkarstwie i obserwacji \u015bwiata przyrody nad polskimi rzekami<\/h2>    <\/div>\n<\/div>\n<!-- \/module text -->        <div  data-lazy=\"1\" class=\"module_subrow themify_builder_sub_row tf_w col_align_top tb_col_count_2 tb_2c7l361\">\n                <div  data-lazy=\"1\" class=\"module_column sub_column col2-1 tb_k5z4362 first\">\n                    <!-- module text -->\n<div  class=\"module module-text tb_uabu583   \" data-lazy=\"1\">\n        <div  class=\"tb_text_wrap\">\n        <p>Nad rzekami &#8211; przede wszystkim w centralnej Polsce (Wis\u0142a, Bug oraz Narew) &#8211; sp\u0119dzili\u015bmy ponad 30 lat, zar\u00f3wno w\u0119druj\u0105c brzegami, jak i od wielu lat p\u0142ywaj\u0105c po nich szybkimi \u0142odziami motorowymi.<\/p>\n<p>Z\u0142owili\u015bmy tysi\u0105ce ryb, obserwowali\u015bmy ptaki i zwierz\u0119ta w swoim naturalnym \u015brodowisku z niedost\u0119pnej dla wi\u0119kszo\u015bci ludzi perspektywy &#8211; bezpo\u015brednio z wody.<\/p>    <\/div>\n<\/div>\n<!-- \/module text -->        <\/div>\n                    <div  data-lazy=\"1\" class=\"module_column sub_column col2-1 tb_khp3362 last\">\n                    <!-- module text -->\n<div  class=\"module module-text tb_qdm9883   \" data-lazy=\"1\">\n        <div  class=\"tb_text_wrap\">\n        <p>Je\u017celi chcesz prze\u017cy\u0107 niezapomnian\u0105 przygod\u0119, zobaczy\u0107 bobra, dzika, or\u0142a bielika, czarnego bociana, czaple, g\u0119si, \u017curawie, z\u0142owi\u0107 okazowego szczupaka lub sandacza &#8211; skontaktuj si\u0119 z nami.<\/p>\n<p>Nasi przewodnicy podziel\u0105 si\u0119 z Tob\u0105 swoim do\u015bwiadczeniem i pomog\u0105 odkry\u0107 Ci cudowny \u015bwiat przyrody nad Polskimi rzekami, w odleg\u0142o\u015bci zaledwie kiludziesi\u0119ciu kilometr\u00f3w od Warszawy<\/p>    <\/div>\n<\/div>\n<!-- \/module text -->        <\/div>\n                    <\/div>\n        <!-- module text -->\n<div  class=\"module module-text tb_4jzk611  repeat \" data-lazy=\"1\">\n        <div  class=\"tb_text_wrap\">\n        <p><b>Przygoda \u017cycia dost\u0119pna na wyci\u0105gni\u0119cie r\u0119ki<\/b><\/p>    <\/div>\n<\/div>\n<!-- \/module text -->        <\/div>\n                        <\/div>\n        <\/div>\n                        <div  data-lazy=\"1\" class=\"module_row themify_builder_row tb_xdxa119 tf_w\">\n                        <div class=\"row_inner col_align_top tb_col_count_3 tf_box tf_rel\">\n                        <div  data-lazy=\"1\" class=\"module_column tb-column col3-1 tb_pebs121 first\">\n                    <!-- module image -->\n<div  class=\"module module-image tb_zrry950 image-center   tf_mw\" data-lazy=\"1\">\n        <div class=\"image-wrap tf_rel tf_mw\">\n            <img loading=\"lazy\" decoding=\"async\" src=\"https:\/\/themify.me\/demo\/themes\/ultra-construction\/files\/2019\/11\/handshake-icon-74x74.png\" width=\"74\" height=\"74\" title=\"+10 000\" alt=\"godzin na rzekach\">    \n        <\/div>\n    <!-- \/image-wrap -->\n    \n        <div class=\"image-content\">\n                    <h3 class=\"image-title\">\n                                    +10 000                            <\/h3>\n                        <div class=\"image-caption tb_text_wrap\">\n            godzin na rzekach        <\/div>\n        <!-- \/image-caption -->\n            <\/div>\n    <!-- \/image-content -->\n        <\/div>\n<!-- \/module image -->        <\/div>\n                    <div  data-lazy=\"1\" class=\"module_column tb-column col3-1 tb_wvkr965\">\n                    <!-- module image -->\n<div  class=\"module module-image tb_h1zh967 image-center   tf_mw\" data-lazy=\"1\">\n        <div class=\"image-wrap tf_rel tf_mw\">\n            <img loading=\"lazy\" decoding=\"async\" src=\"https:\/\/themify.me\/demo\/themes\/ultra-construction\/files\/2019\/11\/expert-icon-74x74.png\" width=\"74\" height=\"74\" title=\"+10\" alt=\"wsp\u00f3\u0142pracownik\u00f3w\">    \n        <\/div>\n    <!-- \/image-wrap -->\n    \n        <div class=\"image-content\">\n                    <h3 class=\"image-title\">\n                                    +10                            <\/h3>\n                        <div class=\"image-caption tb_text_wrap\">\n            wsp\u00f3\u0142pracownik\u00f3w        <\/div>\n        <!-- \/image-caption -->\n            <\/div>\n    <!-- \/image-content -->\n        <\/div>\n<!-- \/module image -->        <\/div>\n                    <div  data-lazy=\"1\" class=\"module_column tb-column col3-1 tb_orxi906 last\">\n                    <!-- module image -->\n<div  class=\"module module-image tb_d1ob907 image-center   tf_mw\" data-lazy=\"1\">\n        <div class=\"image-wrap tf_rel tf_mw\">\n            <img loading=\"lazy\" decoding=\"async\" src=\"https:\/\/themify.me\/demo\/themes\/ultra-construction\/files\/2019\/11\/badge-icon-74x74.png\" width=\"74\" height=\"74\" title=\"30+\" alt=\"lat do\u015bwiadczenia\">    \n        <\/div>\n    <!-- \/image-wrap -->\n    \n        <div class=\"image-content\">\n                    <h3 class=\"image-title\">\n                                    30+                            <\/h3>\n                        <div class=\"image-caption tb_text_wrap\">\n            lat do\u015bwiadczenia        <\/div>\n        <!-- \/image-caption -->\n            <\/div>\n    <!-- \/image-content -->\n        <\/div>\n<!-- \/module image -->        <\/div>\n                        <\/div>\n        <\/div>\n        <\/div>\n<!--\/themify_builder_content-->","protected":false},"excerpt":{"rendered":"<p>o nas Jeste\u015bmy jedyn\u0105 firm\u0105 w centralnej polsce specjalizuj\u0105c\u0105 si\u0119 w W\u0119dkarstwie i obserwacji \u015bwiata przyrody nad polskimi rzekami Nad rzekami &#8211; przede wszystkim w centralnej Polsce (Wis\u0142a, Bug oraz Narew) &#8211; sp\u0119dzili\u015bmy ponad 30 lat, zar\u00f3wno w\u0119druj\u0105c brzegami, jak i od wielu lat p\u0142ywaj\u0105c po nich szybkimi \u0142odziami motorowymi. Z\u0142owili\u015bmy tysi\u0105ce ryb, obserwowali\u015bmy ptaki [&hellip;]<\/p>\n","protected":false},"author":1,"featured_media":0,"parent":29,"menu_order":0,"comment_status":"closed","ping_status":"closed","template":"","meta":{"footnotes":""},"class_list":["post-27","page","type-page","status-publish","hentry","has-post-title","has-post-date","has-post-category","has-post-tag","has-post-comment","has-post-author",""],"builder_content":"<h1>o nas<\/h1>\n<img src=\"http:\/\/wildriver.pl\/wp-content\/uploads\/2021\/09\/norka.jpg\" width=\"835\" height=\"460\" title=\"O nas\" alt=\"O nas\">\n<h2>Jeste\u015bmy jedyn\u0105 firm\u0105 w centralnej polsce specjalizuj\u0105c\u0105 si\u0119 w W\u0119dkarstwie i obserwacji \u015bwiata przyrody nad polskimi rzekami<\/h2>\n<p>Nad rzekami - przede wszystkim w centralnej Polsce (Wis\u0142a, Bug oraz Narew) - sp\u0119dzili\u015bmy ponad 30 lat, zar\u00f3wno w\u0119druj\u0105c brzegami, jak i od wielu lat p\u0142ywaj\u0105c po nich szybkimi \u0142odziami motorowymi.<\/p> <p>Z\u0142owili\u015bmy tysi\u0105ce ryb, obserwowali\u015bmy ptaki i zwierz\u0119ta w swoim naturalnym \u015brodowisku z niedost\u0119pnej dla wi\u0119kszo\u015bci ludzi perspektywy - bezpo\u015brednio z wody.<\/p>\n<p>Je\u017celi chcesz prze\u017cy\u0107 niezapomnian\u0105 przygod\u0119, zobaczy\u0107 bobra, dzika, or\u0142a bielika, czarnego bociana, czaple, g\u0119si, \u017curawie, z\u0142owi\u0107 okazowego szczupaka lub sandacza - skontaktuj si\u0119 z nami.<\/p> <p>Nasi przewodnicy podziel\u0105 si\u0119 z Tob\u0105 swoim do\u015bwiadczeniem i pomog\u0105 odkry\u0107 Ci cudowny \u015bwiat przyrody nad Polskimi rzekami, w odleg\u0142o\u015bci zaledwie kiludziesi\u0119ciu kilometr\u00f3w od Warszawy<\/p>\n<p><b>Przygoda \u017cycia dost\u0119pna na wyci\u0105gni\u0119cie r\u0119ki<\/b><\/p>\n<img src=\"https:\/\/themify.me\/demo\/themes\/ultra-construction\/files\/2019\/11\/handshake-icon-74x74.png\" width=\"74\" height=\"74\" title=\"+10 000\" alt=\"godzin na rzekach\"> <h3> +10 000 <\/h3> godzin na rzekach\n<img src=\"https:\/\/themify.me\/demo\/themes\/ultra-construction\/files\/2019\/11\/expert-icon-74x74.png\" width=\"74\" height=\"74\" title=\"+10\" alt=\"wsp\u00f3\u0142pracownik\u00f3w\"> <h3> +10 <\/h3> wsp\u00f3\u0142pracownik\u00f3w\n<img src=\"https:\/\/themify.me\/demo\/themes\/ultra-construction\/files\/2019\/11\/badge-icon-74x74.png\" width=\"74\" height=\"74\" title=\"30+\" alt=\"lat do\u015bwiadczenia\"> <h3> 30+ <\/h3> lat do\u015bwiadczenia","_links":{"self":[{"href":"https:\/\/wildriver.pl\/index.php\/wp-json\/wp\/v2\/pages\/27","targetHints":{"allow":["GET"]}}],"collection":[{"href":"https:\/\/wildriver.pl\/index.php\/wp-json\/wp\/v2\/pages"}],"about":[{"href":"https:\/\/wildriver.pl\/index.php\/wp-json\/wp\/v2\/types\/page"}],"author":[{"embeddable":true,"href":"https:\/\/wildriver.pl\/index.php\/wp-json\/wp\/v2\/users\/1"}],"replies":[{"embeddable":true,"href":"https:\/\/wildriver.pl\/index.php\/wp-json\/wp\/v2\/comments?post=27"}],"version-history":[{"count":15,"href":"https:\/\/wildriver.pl\/index.php\/wp-json\/wp\/v2\/pages\/27\/revisions"}],"predecessor-version":[{"id":1355,"href":"https:\/\/wildriver.pl\/index.php\/wp-json\/wp\/v2\/pages\/27\/revisions\/1355"}],"up":[{"embeddable":true,"href":"https:\/\/wildriver.pl\/index.php\/wp-json\/wp\/v2\/pages\/29"}],"wp:attachment":[{"href":"https:\/\/wildriver.pl\/index.php\/wp-json\/wp\/v2\/media?parent=27"}],"curies":[{"name":"wp","href":"https:\/\/api.w.org\/{rel}","templated":true}]}}