{"id":1511,"date":"2023-04-27T09:46:41","date_gmt":"2023-04-27T07:46:41","guid":{"rendered":"https:\/\/wildriver.pl\/?page_id=1511"},"modified":"2023-05-07T15:58:17","modified_gmt":"2023-05-07T13:58:17","slug":"wyprawa-na-losie-z-bagien-biebrzanskich","status":"publish","type":"page","link":"https:\/\/wildriver.pl\/index.php\/home\/safari-po-polsku-czyli-obserwowanie-dzikich-zwierzat\/wyprawa-na-losie-z-bagien-biebrzanskich\/","title":{"rendered":"Wyprawa na \u0142osie z bagien Biebrza\u0144skich"},"content":{"rendered":"<!--themify_builder_content-->\n<div id=\"themify_builder_content-1511\" data-postid=\"1511\" class=\"themify_builder_content themify_builder_content-1511 themify_builder tf_clear\">\n                    <div  data-lazy=\"1\" class=\"module_row themify_builder_row tb_0v6b287 tb_first tf_w\">\n                        <div class=\"row_inner col_align_top tb_col_count_2 tf_box tf_rel\">\n                        <div  data-lazy=\"1\" class=\"module_column tb-column col3-2 tb_35nu287 first\">\n                            <\/div>\n                    <div  data-lazy=\"1\" class=\"module_column tb-column col3-1 tb_movg287 last\">\n                            <\/div>\n                        <\/div>\n        <\/div>\n                        <div  data-lazy=\"1\" class=\"module_row themify_builder_row tb_7th3597 tf_w\">\n            <span  class=\"builder_row_cover tf_abs\" data-lazy=\"1\"><\/span>            <div class=\"row_inner col_align_top tb_col_count_1 tf_box tf_rel\">\n                        <div  data-lazy=\"1\" class=\"module_column tb-column col-full tb_f447597 first\">\n                    <!-- module text -->\n<div  class=\"module module-text tb_e2q7345  repeat \" data-lazy=\"1\">\n        <div  class=\"tb_text_wrap\">\n        <h1 style=\"text-align: left;\"><span style=\"color: #ffffff;\">WYPRAWA NA \u0141OSIE Z BAGIEN BIEBRZA\u0143SKICH<\/span><\/h1>    <\/div>\n<\/div>\n<!-- \/module text -->        <\/div>\n                        <\/div>\n        <\/div>\n                        <div  data-lazy=\"1\" class=\"module_row themify_builder_row tb_65y0911 tf_w\">\n            <span  class=\"builder_row_cover tf_abs\" data-lazy=\"1\"><\/span>            <div class=\"row_inner col_align_top tb_col_count_1 tf_box tf_rel\">\n                        <div  data-lazy=\"1\" class=\"module_column tb-column col-full tb_gov1912 first\">\n                    <!-- module text -->\n<div  class=\"module module-text tb_c5zm912  repeat \" data-lazy=\"1\">\n        <div  class=\"tb_text_wrap\">\n        <h1 style=\"text-align: left;\">\u00a0<\/h1>    <\/div>\n<\/div>\n<!-- \/module text -->        <\/div>\n                        <\/div>\n        <\/div>\n                        <div  data-css_id=\"s2qe644\" data-lazy=\"1\" class=\"module_row themify_builder_row fullwidth_row_container tb_s2qe644 tf_w\">\n                        <div class=\"row_inner col_auto_height gutter-none direction_rtl col_align_bottom tb_col_count_1 tf_box tf_rel\">\n                        <div  data-lazy=\"1\" class=\"module_column tb-column col-full tb_2s3j644 first\">\n                            <div  data-lazy=\"1\" class=\"module_subrow themify_builder_sub_row tf_w gutter-none col_align_middle tb_col_count_2 tb_it5v644\">\n                <div  data-lazy=\"1\" class=\"module_column sub_column col2-1 tb_gbo8644 first\">\n                    <!-- module image -->\n<div  class=\"module module-image tb_nuy6645 image-center   tf_mw\" data-lazy=\"1\" data-lax-translate-y=\"(vh*0.7) 0,(vh*0) -70\" data-lax=\"true\">\n        <div class=\"image-wrap tf_rel tf_mw\">\n            <img loading=\"lazy\" decoding=\"async\" src=\"https:\/\/wildriver.pl\/wp-content\/uploads\/2023\/04\/moose-Biebrza-600x750.jpg\" width=\"600\" height=\"750\" class=\"wp-post-image wp-image-1521\" title=\"moose Biebrza\" alt=\"moose Biebrza\" srcset=\"https:\/\/wildriver.pl\/wp-content\/uploads\/2023\/04\/moose-Biebrza-600x750.jpg 600w, https:\/\/wildriver.pl\/wp-content\/uploads\/2023\/04\/moose-Biebrza-240x300.jpg 240w, https:\/\/wildriver.pl\/wp-content\/uploads\/2023\/04\/moose-Biebrza.jpg 453w\" sizes=\"auto, (max-width: 600px) 100vw, 600px\" \/>    \n        <\/div>\n    <!-- \/image-wrap -->\n    \n        <\/div>\n<!-- \/module image -->        <\/div>\n                    <div  data-lazy=\"1\" class=\"module_column sub_column col2-1 tb_ep8d645 last\">\n                    <!-- module text -->\n<div  class=\"module module-text tb_qktu645  repeat \" data-lazy=\"1\">\n        <div  class=\"tb_text_wrap\">\n        <h3>W skr\u00f3cie o \u0142osiach<\/h3>\n<p>W Polsce \u017cyje wiele gatunk\u00f3w dzikich zwierz\u0105t, w\u015br\u00f3d kt\u00f3rych \u0142o\u015b jest niew\u0105tpliwie jednym z najwi\u0119kszych i najbardziej charakterystycznych. Ten majestatyczny stw\u00f3r potrafi zapiera\u0107 dech w piersiach swoimi imponuj\u0105cymi rozmiarami, zw\u0142aszcza, je\u017celi mamy mo\u017cliwo\u015b\u0107 zobaczy\u0107 go z bliska. Mo\u017ce wa\u017cy\u0107 nawet 700 kg i osi\u0105ga\u0107 wysoko\u015b\u0107 w k\u0142\u0119bie ponad 2 metry!\u00a0<span style=\"font-size: 1em;\">Jego d\u0142uga i g\u0119sta sier\u015b\u0107, kt\u00f3ra chroni go przed mrozem i jest bardzo wytrzyma\u0142a i spr\u0119\u017cysta, a jednocze\u015bnie pozwala na regulowanie temperatury cia\u0142a. Ma szeroki pysk umo\u017cliwiaj\u0105cy jedzenie ro\u015blinno\u015bci z dna wody. Dzi\u0119ki niemu zwierz\u0119 to mo\u017ce bez problemu przetrz\u0105sa\u0107 dno zbiornik\u00f3w wodnych szukaj\u0105c po\u017cywienia na mokrad\u0142ach.<\/span><\/p>\n<p>\u0141osie to nie tylko pi\u0119kne i imponuj\u0105ce zwierz\u0119ta, ale r\u00f3wnie\u017c bardzo p\u0142ochliwe i ostro\u017cne. W niekt\u00f3rych jednak okresach i miejscach, potrafi\u0105 zupe\u0142nie ignorowa\u0107 obecno\u015b\u0107 cz\u0142owieka w pobli\u017cu. Warto si\u0119 postara\u0107,\u017ceby go zobaczy\u0107, poniewa\u017c takie do\u015bwiadczenie jest absolutnie niezapomniane.\u00a0<\/p>    <\/div>\n<\/div>\n<!-- \/module text -->        <\/div>\n                    <\/div>\n                <div  data-lazy=\"1\" class=\"module_subrow themify_builder_sub_row tf_w gutter-none col_align_middle tb_col_count_2 tb_9dfp645\">\n                <div  data-lazy=\"1\" class=\"module_column sub_column col2-1 tb_yb8v645 first\">\n                    <!-- module text -->\n<div  class=\"module module-text tb_dv1e645  repeat \" data-lazy=\"1\">\n        <div  class=\"tb_text_wrap\">\n        <h3>Gdzie mo\u017cemy zobaczy\u0107 \u0142osie?<\/h3>\n<p style=\"color: #808080; font-family: 'Public Sans', Arial, sans-serif; font-size: 16px; font-weight: 400; letter-spacing: normal;\">Jednym z najlepszych miejsc w Polsce, by podziwia\u0107 \u0142osie, s\u0105 Bagna Biebrza\u0144skie. To jedyny taki rejon w kraju, gdzie mo\u017cna spotka\u0107 setki tych olbrzym\u00f3w na wolno\u015bci (\u017cyje ich tam ponad 700!), co stanowi jedn\u0105 z najliczniejszy populacji w Europie<\/p>\n<p style=\"color: #808080; font-family: 'Public Sans', Arial, sans-serif; font-size: 16px; font-weight: 400; letter-spacing: normal;\">Zim\u0105 \u0142osie przemieszczaj\u0105 si\u0119 do las\u00f3w sosnowych, gdzie \u0142atwiej zdoby\u0107 pokarm, a w marcu i kwietniu przenosz\u0105 si\u0119 na bagna, gdzie \u017cywi\u0105 si\u0119 turzycami i m\u0142odymi ga\u0142\u0105zkami.\u00a0<\/p>\n<p style=\"color: #808080; font-family: 'Public Sans', Arial, sans-serif; font-size: 16px; font-weight: 400; letter-spacing: normal;\">Latem, \u0142osie \u017cyj\u0105 w rozproszeniu, g\u0142\u00f3wnie na mokrad\u0142ach i bagniskach, co utrudnia ich obserwacj\u0119. Najwi\u0119ksze szanse, aby zobaczy\u0107 \u0142osia, daje okres ch\u0142od\u00f3w &#8211; mi\u0119dzy grudniem, a kwietniem poniewa\u017c \u0142osie s\u0105 wtedy bardziej aktywne i bardziej widoczne. Cz\u0119sto mo\u017cna wtedy zobaczy\u0107 te okaza\u0142e ssaki w ca\u0142ej okaza\u0142o\u015bci. Niezapomniane wra\u017cenia gwarantowane!\u00a0<\/p>    <\/div>\n<\/div>\n<!-- \/module text -->        <\/div>\n                    <div  data-lazy=\"1\" class=\"module_column sub_column col2-1 tb_lf0p645 last\">\n                    <!-- module image -->\n<div  class=\"module module-image tb_vyrg645 image-center   tf_mw\" data-lazy=\"1\" data-lax-translate-y=\"(vh*0.7) 0,(vh*0) -70\" data-lax=\"true\">\n        <div class=\"image-wrap tf_rel tf_mw\">\n            <img loading=\"lazy\" decoding=\"async\" src=\"https:\/\/wildriver.pl\/wp-content\/uploads\/2023\/04\/Biebrza-marshes-600x750.jpg\" width=\"600\" height=\"750\" class=\"wp-post-image wp-image-1520\" title=\"Biebrza marshes\" alt=\"Biebrza marshes\" srcset=\"https:\/\/wildriver.pl\/wp-content\/uploads\/2023\/04\/Biebrza-marshes-600x750.jpg 600w, https:\/\/wildriver.pl\/wp-content\/uploads\/2023\/04\/Biebrza-marshes-240x300.jpg 240w, https:\/\/wildriver.pl\/wp-content\/uploads\/2023\/04\/Biebrza-marshes.jpg 483w\" sizes=\"auto, (max-width: 600px) 100vw, 600px\" \/>    \n        <\/div>\n    <!-- \/image-wrap -->\n    \n        <\/div>\n<!-- \/module image -->        <\/div>\n                    <\/div>\n                <\/div>\n                        <\/div>\n        <\/div>\n                        <div  data-lazy=\"1\" class=\"module_row themify_builder_row tb_th2f757 tf_w\">\n                        <div class=\"row_inner col_align_middle tb_col_count_2 tf_box tf_rel\">\n                        <div  data-lazy=\"1\" class=\"module_column tb-column col4-2 tb_q5b9758 first\">\n                    <!-- module text -->\n<div  class=\"module module-text tb_3423758   \" data-lazy=\"1\">\n        <div  class=\"tb_text_wrap\">\n        <h1>Wyprawa na \u0142osie na bagna Biebrza\u0144skie &#8211; czy warto?<\/h1>    <\/div>\n<\/div>\n<!-- \/module text --><!-- module text -->\n<div  class=\"module module-text tb_mhxn758   \" data-lazy=\"1\">\n        <div  class=\"tb_text_wrap\">\n        <p>Zapraszamy Ci\u0119 na niezapomnian\u0105 przygod\u0119, podczas kt\u00f3rej b\u0119dziesz m\u00f3g\u0142 zobaczy\u0107 \u0142osie w ich naturalnym \u015brodowisku.<\/p>\n<p>Wyprawa na Bagna Biebrza\u0144skie to idealny wyb\u00f3r dla mi\u0142o\u015bnik\u00f3w przyrody, kt\u00f3rzy pragn\u0105 spotka\u0107 te olbrzymy na wolno\u015bci. Podczas safari przejedziemy kilkadziesi\u0105t kilometr\u00f3w samochodem i przejdziemy kilka kilometr\u00f3w, tak, \u017ceby zobaczy\u0107 najpi\u0119kniejsze i najbardziej obiecuj\u0105ce miejsca bytowania tych zwierz\u0105t.<\/p>\n<p>Biebrza\u0144ski Park Narodowy to nie tylko miejsce, gdzie mo\u017cna zobaczy\u0107 \u0142osie, ale tak\u017ce wiele innych dzikich zwierz\u0105t, takich jak wilki, rysie, bobry i ptaki. Do\u015bwiadczony przewodnik, mi\u0142o\u015bnik przyrody, b\u0119dzie towarzyszy\u0142 Ci przez ca\u0142y czas, dziel\u0105c si\u0119 swoj\u0105 wiedz\u0105 i ciekawostkami o dzikiej przyrodzie parku.\u00a0<\/p>\n<p><span style=\"background-color: initial; font-size: 1em;\">Specjalizujemy si\u0119 w indywidualnych, dedykowanych wyprawach rozpoczynaj\u0105cych si\u0119 bezpo\u015brednio w okolicach Biebrza\u0144skiego Parku Narodowego lub te\u017c w Warszawie, sk\u0105d razem z naszymi go\u015bcmi jedziemy samochodem do Puszczy.<\/span><\/p>\n<p>Czas trwania safari dostosowywany jest do naszych klient\u00f3w, ale ze wzgl\u0119du na czas trwania dojazdu jest to minimalnie ca\u0142y dzie\u0144 od \u015bwitu do nocy.\u00a0<\/p>    <\/div>\n<\/div>\n<!-- \/module text --><!-- module buttons -->\n<div  class=\"module module-buttons tb_6eo0758 buttons-horizontal solid  large squared\" data-lazy=\"1\">\n        <div class=\"module-buttons-item tf_in_flx\">\n                        <a href=\"https:\/\/wildriver.pl\/index.php\/formularz-kontaktowy\/\" class=\"ui builder_button tf_in_flx orange\" >\n                                                ZAPYTAJ O OFERT\u0118                                        <\/a>\n                <\/div>\n            <\/div>\n<!-- \/module buttons -->\n        <\/div>\n                    <div  data-lazy=\"1\" class=\"module_column tb-column col4-2 tb_fgoy758 last\">\n                    <!-- module image -->\n<div  class=\"module module-image tb_8tmy758 image-top   tf_mw\" data-lazy=\"1\" data-lax-translate-y=\"(vh*0.7) 0,(vh*0) -70\" data-lax=\"true\">\n        <div class=\"image-wrap tf_rel tf_mw\">\n            <img loading=\"lazy\" decoding=\"async\" src=\"https:\/\/wildriver.pl\/wp-content\/uploads\/2023\/04\/Moose-biebrza-marshes-500x625.jpg\" width=\"500\" height=\"625\" class=\"wp-post-image wp-image-1523\" title=\"moose biebrza\" alt=\"moose biebrza\" srcset=\"https:\/\/wildriver.pl\/wp-content\/uploads\/2023\/04\/Moose-biebrza-marshes-500x625.jpg 500w, https:\/\/wildriver.pl\/wp-content\/uploads\/2023\/04\/Moose-biebrza-marshes-240x300.jpg 240w, https:\/\/wildriver.pl\/wp-content\/uploads\/2023\/04\/Moose-biebrza-marshes-768x960.jpg 768w, https:\/\/wildriver.pl\/wp-content\/uploads\/2023\/04\/Moose-biebrza-marshes.jpg 800w\" sizes=\"auto, (max-width: 500px) 100vw, 500px\" \/>    \n        <\/div>\n    <!-- \/image-wrap -->\n    \n        <\/div>\n<!-- \/module image -->        <div  data-lazy=\"1\" class=\"module_subrow themify_builder_sub_row tf_w col_align_top tb_col_count_1 tb_zvam670\">\n                <div  data-lazy=\"1\" class=\"module_column sub_column col-full tb_qadd670 first\">\n                            <\/div>\n                    <\/div>\n        <!-- module text -->\n<div  class=\"module module-text tb_6rvs680   \" data-lazy=\"1\">\n        <div  class=\"tb_text_wrap\">\n            <\/div>\n<\/div>\n<!-- \/module text -->        <\/div>\n                        <\/div>\n        <\/div>\n                        <div  data-lazy=\"1\" class=\"module_row themify_builder_row tb_j51y883 tf_w\">\n                        <div class=\"row_inner col_align_top tb_col_count_1 tf_box tf_rel\">\n                        <div  data-lazy=\"1\" class=\"module_column tb-column col-full tb_t77j884 first\">\n                    <!-- module text -->\n<div  class=\"module module-text tb_r9gg89   \" data-lazy=\"1\">\n        <div  class=\"tb_text_wrap\">\n        <p>\u00a0<\/p>\n<p>\u00a0<\/p>    <\/div>\n<\/div>\n<!-- \/module text -->        <\/div>\n                        <\/div>\n        <\/div>\n                        <div  data-lazy=\"1\" class=\"module_row themify_builder_row tb_98ne827 tf_w\">\n                        <div class=\"row_inner col_align_top tb_col_count_1 tf_box tf_rel\">\n                        <div  data-lazy=\"1\" class=\"module_column tb-column col-full tb_0klo828 first\">\n                    <!-- module text -->\n<div  class=\"module module-text tb_9jju308  repeat \" data-lazy=\"1\">\n        <div  class=\"tb_text_wrap\">\n        <p><strong>Zobacz tak\u017ce:<\/strong><\/p>\n<p>&#8211;\u00a0<a href=\"https:\/\/wildriver.pl\/index.php\/home\/safari-po-polsku-czyli-obserwowanie-dzikich-zwierzat\/obserwowanie-ptakow\/\">Bird-watching nad Wis\u0142a i\/lub Narwi\u0105\u00a0<\/a><\/p>\n<p>&#8211;\u00a0<a href=\"https:\/\/wildriver.pl\/index.php\/home\/safari-po-polsku-czyli-obserwowanie-dzikich-zwierzat\/tropienie-zubrow\/\">Tropienie \u017cubr\u00f3w w Puszczy Bia\u0142owieskiej<\/a><\/p>\n<div>\u00a0<\/div>    <\/div>\n<\/div>\n<!-- \/module text -->        <\/div>\n                        <\/div>\n        <\/div>\n        <\/div>\n<!--\/themify_builder_content-->\n\n\n<p><\/p>","protected":false},"excerpt":{"rendered":"<p>WYPRAWA NA \u0141OSIE Z BAGIEN BIEBRZA\u0143SKICH \u00a0 W skr\u00f3cie o \u0142osiach W Polsce \u017cyje wiele gatunk\u00f3w dzikich zwierz\u0105t, w\u015br\u00f3d kt\u00f3rych \u0142o\u015b jest niew\u0105tpliwie jednym z najwi\u0119kszych i najbardziej charakterystycznych. Ten majestatyczny stw\u00f3r potrafi zapiera\u0107 dech w piersiach swoimi imponuj\u0105cymi rozmiarami, zw\u0142aszcza, je\u017celi mamy mo\u017cliwo\u015b\u0107 zobaczy\u0107 go z bliska. Mo\u017ce wa\u017cy\u0107 nawet 700 kg i osi\u0105ga\u0107 [&hellip;]<\/p>\n","protected":false},"author":1,"featured_media":0,"parent":1431,"menu_order":0,"comment_status":"closed","ping_status":"closed","template":"","meta":{"footnotes":""},"class_list":["post-1511","page","type-page","status-publish","hentry","has-post-title","has-post-date","has-post-category","has-post-tag","has-post-comment","has-post-author",""],"builder_content":"<h1 style=\"text-align: left;\">WYPRAWA NA \u0141OSIE Z BAGIEN BIEBRZA\u0143SKICH<\/h1>\n<h1 style=\"text-align: left;\">\u00a0<\/h1>\n<img src=\"https:\/\/wildriver.pl\/wp-content\/uploads\/2023\/04\/moose-Biebrza-600x750.jpg\" width=\"600\" height=\"750\" title=\"moose Biebrza\" alt=\"moose Biebrza\" srcset=\"https:\/\/wildriver.pl\/wp-content\/uploads\/2023\/04\/moose-Biebrza-600x750.jpg 600w, https:\/\/wildriver.pl\/wp-content\/uploads\/2023\/04\/moose-Biebrza-240x300.jpg 240w, https:\/\/wildriver.pl\/wp-content\/uploads\/2023\/04\/moose-Biebrza.jpg 453w\" sizes=\"(max-width: 600px) 100vw, 600px\" \/>\n<h3>W skr\u00f3cie o \u0142osiach<\/h3> <p>W Polsce \u017cyje wiele gatunk\u00f3w dzikich zwierz\u0105t, w\u015br\u00f3d kt\u00f3rych \u0142o\u015b jest niew\u0105tpliwie jednym z najwi\u0119kszych i najbardziej charakterystycznych. Ten majestatyczny stw\u00f3r potrafi zapiera\u0107 dech w piersiach swoimi imponuj\u0105cymi rozmiarami, zw\u0142aszcza, je\u017celi mamy mo\u017cliwo\u015b\u0107 zobaczy\u0107 go z bliska. Mo\u017ce wa\u017cy\u0107 nawet 700 kg i osi\u0105ga\u0107 wysoko\u015b\u0107 w k\u0142\u0119bie ponad 2 metry!\u00a0Jego d\u0142uga i g\u0119sta sier\u015b\u0107, kt\u00f3ra chroni go przed mrozem i jest bardzo wytrzyma\u0142a i spr\u0119\u017cysta, a jednocze\u015bnie pozwala na regulowanie temperatury cia\u0142a. Ma szeroki pysk umo\u017cliwiaj\u0105cy jedzenie ro\u015blinno\u015bci z dna wody. Dzi\u0119ki niemu zwierz\u0119 to mo\u017ce bez problemu przetrz\u0105sa\u0107 dno zbiornik\u00f3w wodnych szukaj\u0105c po\u017cywienia na mokrad\u0142ach.<\/p> <p>\u0141osie to nie tylko pi\u0119kne i imponuj\u0105ce zwierz\u0119ta, ale r\u00f3wnie\u017c bardzo p\u0142ochliwe i ostro\u017cne. W niekt\u00f3rych jednak okresach i miejscach, potrafi\u0105 zupe\u0142nie ignorowa\u0107 obecno\u015b\u0107 cz\u0142owieka w pobli\u017cu. Warto si\u0119 postara\u0107,\u017ceby go zobaczy\u0107, poniewa\u017c takie do\u015bwiadczenie jest absolutnie niezapomniane.\u00a0<\/p>\n<h3>Gdzie mo\u017cemy zobaczy\u0107 \u0142osie?<\/h3> <p style=\"color: #808080; font-family: 'Public Sans', Arial, sans-serif; font-size: 16px; font-weight: 400; letter-spacing: normal;\">Jednym z najlepszych miejsc w Polsce, by podziwia\u0107 \u0142osie, s\u0105 Bagna Biebrza\u0144skie. To jedyny taki rejon w kraju, gdzie mo\u017cna spotka\u0107 setki tych olbrzym\u00f3w na wolno\u015bci (\u017cyje ich tam ponad 700!), co stanowi jedn\u0105 z najliczniejszy populacji w Europie<\/p> <p style=\"color: #808080; font-family: 'Public Sans', Arial, sans-serif; font-size: 16px; font-weight: 400; letter-spacing: normal;\">Zim\u0105 \u0142osie przemieszczaj\u0105 si\u0119 do las\u00f3w sosnowych, gdzie \u0142atwiej zdoby\u0107 pokarm, a w marcu i kwietniu przenosz\u0105 si\u0119 na bagna, gdzie \u017cywi\u0105 si\u0119 turzycami i m\u0142odymi ga\u0142\u0105zkami.\u00a0<\/p> <p style=\"color: #808080; font-family: 'Public Sans', Arial, sans-serif; font-size: 16px; font-weight: 400; letter-spacing: normal;\">Latem, \u0142osie \u017cyj\u0105 w rozproszeniu, g\u0142\u00f3wnie na mokrad\u0142ach i bagniskach, co utrudnia ich obserwacj\u0119. Najwi\u0119ksze szanse, aby zobaczy\u0107 \u0142osia, daje okres ch\u0142od\u00f3w - mi\u0119dzy grudniem, a kwietniem poniewa\u017c \u0142osie s\u0105 wtedy bardziej aktywne i bardziej widoczne. Cz\u0119sto mo\u017cna wtedy zobaczy\u0107 te okaza\u0142e ssaki w ca\u0142ej okaza\u0142o\u015bci. Niezapomniane wra\u017cenia gwarantowane!\u00a0<\/p>\n<img src=\"https:\/\/wildriver.pl\/wp-content\/uploads\/2023\/04\/Biebrza-marshes-600x750.jpg\" width=\"600\" height=\"750\" title=\"Biebrza marshes\" alt=\"Biebrza marshes\" srcset=\"https:\/\/wildriver.pl\/wp-content\/uploads\/2023\/04\/Biebrza-marshes-600x750.jpg 600w, https:\/\/wildriver.pl\/wp-content\/uploads\/2023\/04\/Biebrza-marshes-240x300.jpg 240w, https:\/\/wildriver.pl\/wp-content\/uploads\/2023\/04\/Biebrza-marshes.jpg 483w\" sizes=\"(max-width: 600px) 100vw, 600px\" \/>\n<h1>Wyprawa na \u0142osie na bagna Biebrza\u0144skie - czy warto?<\/h1>\n<p>Zapraszamy Ci\u0119 na niezapomnian\u0105 przygod\u0119, podczas kt\u00f3rej b\u0119dziesz m\u00f3g\u0142 zobaczy\u0107 \u0142osie w ich naturalnym \u015brodowisku.<\/p> <p>Wyprawa na Bagna Biebrza\u0144skie to idealny wyb\u00f3r dla mi\u0142o\u015bnik\u00f3w przyrody, kt\u00f3rzy pragn\u0105 spotka\u0107 te olbrzymy na wolno\u015bci. Podczas safari przejedziemy kilkadziesi\u0105t kilometr\u00f3w samochodem i przejdziemy kilka kilometr\u00f3w, tak, \u017ceby zobaczy\u0107 najpi\u0119kniejsze i najbardziej obiecuj\u0105ce miejsca bytowania tych zwierz\u0105t.<\/p> <p>Biebrza\u0144ski Park Narodowy to nie tylko miejsce, gdzie mo\u017cna zobaczy\u0107 \u0142osie, ale tak\u017ce wiele innych dzikich zwierz\u0105t, takich jak wilki, rysie, bobry i ptaki. Do\u015bwiadczony przewodnik, mi\u0142o\u015bnik przyrody, b\u0119dzie towarzyszy\u0142 Ci przez ca\u0142y czas, dziel\u0105c si\u0119 swoj\u0105 wiedz\u0105 i ciekawostkami o dzikiej przyrodzie parku.\u00a0<\/p> <p>Specjalizujemy si\u0119 w indywidualnych, dedykowanych wyprawach rozpoczynaj\u0105cych si\u0119 bezpo\u015brednio w okolicach Biebrza\u0144skiego Parku Narodowego lub te\u017c w Warszawie, sk\u0105d razem z naszymi go\u015bcmi jedziemy samochodem do Puszczy.<\/p> <p>Czas trwania safari dostosowywany jest do naszych klient\u00f3w, ale ze wzgl\u0119du na czas trwania dojazdu jest to minimalnie ca\u0142y dzie\u0144 od \u015bwitu do nocy.\u00a0<\/p>\n<a href=\"https:\/\/wildriver.pl\/index.php\/formularz-kontaktowy\/\" > ZAPYTAJ O OFERT\u0118 <\/a>\n<img src=\"https:\/\/wildriver.pl\/wp-content\/uploads\/2023\/04\/Moose-biebrza-marshes-500x625.jpg\" width=\"500\" height=\"625\" title=\"moose biebrza\" alt=\"moose biebrza\" srcset=\"https:\/\/wildriver.pl\/wp-content\/uploads\/2023\/04\/Moose-biebrza-marshes-500x625.jpg 500w, https:\/\/wildriver.pl\/wp-content\/uploads\/2023\/04\/Moose-biebrza-marshes-240x300.jpg 240w, https:\/\/wildriver.pl\/wp-content\/uploads\/2023\/04\/Moose-biebrza-marshes-768x960.jpg 768w, https:\/\/wildriver.pl\/wp-content\/uploads\/2023\/04\/Moose-biebrza-marshes.jpg 800w\" sizes=\"(max-width: 500px) 100vw, 500px\" \/>\n\n<p>\u00a0<\/p> <p>\u00a0<\/p>\n<p><strong>Zobacz tak\u017ce:<\/strong><\/p> <p>-\u00a0<a href=\"https:\/\/wildriver.pl\/index.php\/home\/safari-po-polsku-czyli-obserwowanie-dzikich-zwierzat\/obserwowanie-ptakow\/\">Bird-watching nad Wis\u0142a i\/lub Narwi\u0105\u00a0<\/a><\/p> <p>-\u00a0<a href=\"https:\/\/wildriver.pl\/index.php\/home\/safari-po-polsku-czyli-obserwowanie-dzikich-zwierzat\/tropienie-zubrow\/\">Tropienie \u017cubr\u00f3w w Puszczy Bia\u0142owieskiej<\/a><\/p> \u00a0","_links":{"self":[{"href":"https:\/\/wildriver.pl\/index.php\/wp-json\/wp\/v2\/pages\/1511","targetHints":{"allow":["GET"]}}],"collection":[{"href":"https:\/\/wildriver.pl\/index.php\/wp-json\/wp\/v2\/pages"}],"about":[{"href":"https:\/\/wildriver.pl\/index.php\/wp-json\/wp\/v2\/types\/page"}],"author":[{"embeddable":true,"href":"https:\/\/wildriver.pl\/index.php\/wp-json\/wp\/v2\/users\/1"}],"replies":[{"embeddable":true,"href":"https:\/\/wildriver.pl\/index.php\/wp-json\/wp\/v2\/comments?post=1511"}],"version-history":[{"count":13,"href":"https:\/\/wildriver.pl\/index.php\/wp-json\/wp\/v2\/pages\/1511\/revisions"}],"predecessor-version":[{"id":1585,"href":"https:\/\/wildriver.pl\/index.php\/wp-json\/wp\/v2\/pages\/1511\/revisions\/1585"}],"up":[{"embeddable":true,"href":"https:\/\/wildriver.pl\/index.php\/wp-json\/wp\/v2\/pages\/1431"}],"wp:attachment":[{"href":"https:\/\/wildriver.pl\/index.php\/wp-json\/wp\/v2\/media?parent=1511"}],"curies":[{"name":"wp","href":"https:\/\/api.w.org\/{rel}","templated":true}]}}